{"id":420,"date":"2011-10-25T15:04:27","date_gmt":"2011-10-25T15:04:27","guid":{"rendered":"http:\/\/www.komiza-zambarlin.hr\/?page_id=420"},"modified":"2017-04-27T12:31:35","modified_gmt":"2017-04-27T12:31:35","slug":"vinka","status":"publish","type":"page","link":"https:\/\/www.komiza-zambarlin.hr\/de\/ferienwohnungen\/vinka\/","title":{"rendered":"Vinka"},"content":{"rendered":"<p>\u2022\u00a0Die Ferienwohnung Vinka ist im Erdgeschoss des Hauses mit einer gro\u00dfen Terrasse im Schatten der Weinrebe situiert und bietet einen Blick auf die Kirche des Hl. Nicholas, Oliven- und Weing\u00e4rten.<\/p>\n<p>\u2022\u00a0Sie besteht aus einem Schlafzimmer mit drei Betten, Badezimmer, Terrasse und v\u00f6llig ausgestatteter K\u00fcche.<\/p>\n<p>\u2022\u00a0Die gesamte Wohnungsfl\u00e4che betr\u00e4gt 24 qm und daneben ist auch eine Terrasse von 36 qm<\/p>\n<p>\u2022\u00a0Sie ist mit der Klimaanlage, SAT-TV und WLAN ausgestattet.<\/p>\n<p>\u2022\u00a0F\u00fcr alle unsere G\u00e4ste gibt es einen kostenlosen Parkplatz neben dem Haus.<\/p>\n<p>\u2022\u00a0In unserem Hof gibt es einen Garten mit Zitronen- und Orangenb\u00e4umen, wo sich der Grill und Backofen befinden, deren Sie sich jederzeit bedienen k\u00f6nnen.<\/p>\n<p>\u2022 Das Haus verf\u00fcgt \u00fcber einen beheizten Au\u00dfenpool, der einem zur Verf\u00fcgung aller G\u00e4ste unseres Hauses ist.<\/p>\n<p>\u2022 Das Apartment ist mit einem Safe ausgestattet, um Ihre Wertsachen zu speichern.<\/p>\n","protected":false},"excerpt":{"rendered":"<p>\u2022\u00a0Die Ferienwohnung Vinka ist im Erdgeschoss des Hauses mit einer gro\u00dfen Terrasse im Schatten der Weinrebe situiert und... <\/p>\n","protected":false},"author":1,"featured_media":0,"parent":381,"menu_order":0,"comment_status":"closed","ping_status":"closed","template":"","meta":{"footnotes":""},"class_list":["post-420","page","type-page","status-publish","hentry"],"_links":{"self":[{"href":"https:\/\/www.komiza-zambarlin.hr\/de\/wp-json\/wp\/v2\/pages\/420","targetHints":{"allow":["GET"]}}],"collection":[{"href":"https:\/\/www.komiza-zambarlin.hr\/de\/wp-json\/wp\/v2\/pages"}],"about":[{"href":"https:\/\/www.komiza-zambarlin.hr\/de\/wp-json\/wp\/v2\/types\/page"}],"author":[{"embeddable":true,"href":"https:\/\/www.komiza-zambarlin.hr\/de\/wp-json\/wp\/v2\/users\/1"}],"replies":[{"embeddable":true,"href":"https:\/\/www.komiza-zambarlin.hr\/de\/wp-json\/wp\/v2\/comments?post=420"}],"version-history":[{"count":0,"href":"https:\/\/www.komiza-zambarlin.hr\/de\/wp-json\/wp\/v2\/pages\/420\/revisions"}],"up":[{"embeddable":true,"href":"https:\/\/www.komiza-zambarlin.hr\/de\/wp-json\/wp\/v2\/pages\/381"}],"wp:attachment":[{"href":"https:\/\/www.komiza-zambarlin.hr\/de\/wp-json\/wp\/v2\/media?parent=420"}],"curies":[{"name":"wp","href":"https:\/\/api.w.org\/{rel}","templated":true}]}}