{"id":10,"date":"2011-10-21T17:29:06","date_gmt":"2011-10-21T17:29:06","guid":{"rendered":"http:\/\/www.komiza-zambarlin.hr\/?page_id=10"},"modified":"2022-11-21T06:49:23","modified_gmt":"2022-11-21T06:49:23","slug":"komiza","status":"publish","type":"page","link":"https:\/\/www.komiza-zambarlin.hr\/en\/komiza\/","title":{"rendered":"Komi\u017ea"},"content":{"rendered":"<p>Located in the bay at the north-western part of the island of Vis and overlooking the seafront and the sun, <strong>Komi\u017ea<\/strong> offers the incredible opportunity for resting and sunbathing from May to October. It preserved the authenticity and the charm of a small fishermen town, with harmonious and peaceful way of living. You will be thrilled by its well-preserved nature, the beauty of the fields, together with the rich bays and beaches, the pure sea, the stone-paved streets and mansions built of stone. You will learn about it through the naval customs and legends, the taste of wine and fish and the finest scent of the aromatic herbs.<\/p>\n<p>The island of Bi\u0161evo, well-known for its caves and the beautiful sandy beach of Porat, is just across the Komi\u017ea Bay, only 30 minutes away by boat. The island also contains the largest cave, named Medvidina Cave (Medvidina \u0161pilja) and the well known Blue Cave (Plava \u0161pilja) which amazes the visitors with its lightshows, unbelievable azure colour and the silvery reflection.<\/p>\n<p>No matter whether you wish to spend your holidays in attractive excursions, diving schools, paragliding\u2026or you simply want to indulge in the lazy days in the sun, away from the hustle, Komi\u017ea will thrill you so much that you\u2019ll want to get back!<\/p>\n","protected":false},"excerpt":{"rendered":"<p>Located in the bay at the north-western part of the island of Vis and overlooking the seafront and the sun, Komi\u017ea offers the incredible opportunity for resting and sunbathing from May to October. It preserved the authenticity and the charm of a small fishermen town, with harmonious and peaceful way of living. You will be thrilled by its well-preserved nature, the beauty of the fields, together with the rich bays and beaches, the pure sea, the stone-paved streets and mansions built of stone. You will learn about it through the naval customs and legends, the taste of wine and fish and the finest scent of the aromatic herbs.<\/p>\n<p>The island of Bi\u0161evo, well-known for its caves and the beautiful sandy beach of Porat, is just across the Komi\u017ea Bay, only 30 minutes away by boat. The island also contains the largest cave, named Medvidina Cave (Medvidina \u0161pilja) and the well known Blue Cave (Plava \u0161pilja) which amazes the visitors with its lightshows, unbelievable azure colour and the silvery reflection.<\/p>\n<p>It has preserved its authentic charm of a fishermen townlet\u2019s harmonious and peaceful way of life. It will enchant you with its untouched nature, beauty of its fields, numerous bays and beaches, clean sea, stone streets and houses. It will inspire your enthusiasm by its maritime customs and legends, taste of wine and fish and aromatic plants odours.<\/p>\n<p>Opposite the Komi\u017ea bay, just half an hour boat ride distance, there is the island of Bi\u0161evo, well- known for its numerous caves and the most beautiful sandy beach called Porat.<\/p>\n","protected":false},"author":1,"featured_media":0,"parent":0,"menu_order":0,"comment_status":"closed","ping_status":"closed","template":"zamb-komiza.php","meta":{"footnotes":""},"class_list":["post-10","page","type-page","status-publish","hentry"],"_links":{"self":[{"href":"https:\/\/www.komiza-zambarlin.hr\/en\/wp-json\/wp\/v2\/pages\/10","targetHints":{"allow":["GET"]}}],"collection":[{"href":"https:\/\/www.komiza-zambarlin.hr\/en\/wp-json\/wp\/v2\/pages"}],"about":[{"href":"https:\/\/www.komiza-zambarlin.hr\/en\/wp-json\/wp\/v2\/types\/page"}],"author":[{"embeddable":true,"href":"https:\/\/www.komiza-zambarlin.hr\/en\/wp-json\/wp\/v2\/users\/1"}],"replies":[{"embeddable":true,"href":"https:\/\/www.komiza-zambarlin.hr\/en\/wp-json\/wp\/v2\/comments?post=10"}],"version-history":[{"count":0,"href":"https:\/\/www.komiza-zambarlin.hr\/en\/wp-json\/wp\/v2\/pages\/10\/revisions"}],"wp:attachment":[{"href":"https:\/\/www.komiza-zambarlin.hr\/en\/wp-json\/wp\/v2\/media?parent=10"}],"curies":[{"name":"wp","href":"https:\/\/api.w.org\/{rel}","templated":true}]}}