{"id":94,"date":"2011-10-22T17:00:31","date_gmt":"2011-10-22T17:00:31","guid":{"rendered":"http:\/\/www.komiza-zambarlin.hr\/?page_id=94"},"modified":"2011-11-30T16:48:37","modified_gmt":"2011-11-30T16:48:37","slug":"komiza-4","status":"publish","type":"page","link":"https:\/\/www.komiza-zambarlin.hr\/it\/komiza-4\/","title":{"rendered":"Komi\u017ea"},"content":{"rendered":"<p>Il comune di Komi\u017ea (Comisa) \u00e8 situato in una baia sul versante nord-ovest dell&#8217;isola di Vis (Lissa), di fronte al mare e sole e Le offre una possibilit\u00e0 di riposarsi e bagnarsi dal maggio all&#8217; ottobre. Il villaggio ha conservato l&#8217;armonia e un pacifico modo di vivere ma anche il suo fascino autentico di un villagio di pescatori. Le affasciner\u00e0 con la sua natura incontaminata, con la bellezza dei campi, con la ricchezza delle sue spiagge e delle valle, con il mare cristallino, case e strade lastricate. Voi conoscerete Komi\u017ea attraverso le tradizioni marittime e leggende, attraverso il gusto del vino, pesce e il profumo delle erbe aromatiche.<\/p>\n<p>Di fronte alla valla di Komi\u017ea, solo a mezz&#8217;ora di distanza partendo con la nave si trova l&#8217;isola di Bi\u0161evo (Busi), nota per le sue grotte e la pi\u00f9 bellissima spiaggia di sabbia-Porat . La grotta Medvidina \u0161pilja \u00e8 la pi\u00f9 grande dell&#8217;isola, ma la pi\u00f9 famosa \u00e8 Modra \u0161pilja (la Grotta Azzurra), che cattura l&#8217;attenzione e affascina con i suoi giochi di luce, con il suo blu incredibile e bagliore argento.<\/p>\n<p>Sia che vogliate trascorrere le vacanze andando in escursioni interessanti, visitando le scuole nuoto, parapendio, o se semplicemente volete oziare sotto il sole, lontano dalla folla, Komi\u017ea Le sorprender\u00e0 in modo che si avrebbe voluto tornare!<\/p>\n","protected":false},"excerpt":{"rendered":"<p>Il comune di Komi\u017ea (Comisa) \u00e8 situato in una baia sul versante nord-ovest dell'isola di Vis (Lissa), di fronte al mare e sole e Le offre una possibilit\u00e0 di riposarsi e bagnarsi dal maggio all' ottobre. Il villaggio ha conservato l'armonia e un pacifico modo di vivere ma anche il suo fascino autentico di un villagio di pescatori. Le affasciner\u00e0 con la sua natura incontaminata, con la bellezza dei campi, con la ricchezza delle sue spiagge e delle valle, con il mare cristallino, case e strade lastricate. Voi conoscerete Komi\u017ea attraverso le tradizioni marittime e leggende, attraverso il gusto del vino, pesce e il profumo delle erbe aromatiche.<\/p>\n<p>Di fronte alla valla di Komi\u017ea, solo a mezz'ora di distanza partendo con la nave si trova l'isola di Bi\u0161evo (Busi), nota per le sue grotte e la pi\u00f9 bellissima spiaggia di sabbia-Porat . La grotta Medvidina \u0161pilja \u00e8 la pi\u00f9 grande dell'isola, ma la pi\u00f9 famosa \u00e8 Modra \u0161pilja (la Grotta Azzurra), che cattura l'attenzione e affascina con i suoi giochi di luce, con il suo blu incredibile e bagliore argento.<\/p>\n<p>a conoscerete anche per le sue leggnde e usanze marittime e specialmente per il sapore di vino, pesce ed erbe aromatiche. i fronte a Komi\u017ea, mezzora con la barcha, si trova l\u2019isola di Bi\u0161evo, conosciuta per le sue grotte e la bellissima spiaggia sabbiosa \u201cPorat\u201d.Sull\u2019isola si trova la grotta della foca monaca e la famosa Grotta Azzura che stupisce con il giocho del sole che riflettendosi attraverso il mare irradia l\u2019interno della grotta con incantevoli sfumature che vanno dall\u2019azzurro ad argente.<\/p>\n","protected":false},"author":1,"featured_media":0,"parent":0,"menu_order":0,"comment_status":"closed","ping_status":"closed","template":"zamb-komiza.php","meta":{"footnotes":""},"class_list":["post-94","page","type-page","status-publish","hentry"],"_links":{"self":[{"href":"https:\/\/www.komiza-zambarlin.hr\/it\/wp-json\/wp\/v2\/pages\/94","targetHints":{"allow":["GET"]}}],"collection":[{"href":"https:\/\/www.komiza-zambarlin.hr\/it\/wp-json\/wp\/v2\/pages"}],"about":[{"href":"https:\/\/www.komiza-zambarlin.hr\/it\/wp-json\/wp\/v2\/types\/page"}],"author":[{"embeddable":true,"href":"https:\/\/www.komiza-zambarlin.hr\/it\/wp-json\/wp\/v2\/users\/1"}],"replies":[{"embeddable":true,"href":"https:\/\/www.komiza-zambarlin.hr\/it\/wp-json\/wp\/v2\/comments?post=94"}],"version-history":[{"count":0,"href":"https:\/\/www.komiza-zambarlin.hr\/it\/wp-json\/wp\/v2\/pages\/94\/revisions"}],"wp:attachment":[{"href":"https:\/\/www.komiza-zambarlin.hr\/it\/wp-json\/wp\/v2\/media?parent=94"}],"curies":[{"name":"wp","href":"https:\/\/api.w.org\/{rel}","templated":true}]}}