{"id":97,"date":"2011-10-22T17:01:23","date_gmt":"2011-10-22T17:01:23","guid":{"rendered":"http:\/\/www.komiza-zambarlin.hr\/?page_id=97"},"modified":"2016-05-13T10:20:55","modified_gmt":"2016-05-13T10:20:55","slug":"komiza-3","status":"publish","type":"page","link":"https:\/\/www.komiza-zambarlin.hr\/sl\/komiza-3\/","title":{"rendered":"Komi\u017ea"},"content":{"rendered":"<p>Komi\u017ea se nahaja v prekrasnem zalivu na severozahodnemu delu\u00a0otoka Visa, obrnjena proti morju in zahajajo\u010demu soncu. Od meseca\u00a0maja do oktobra se ponuja mo\u017enost oddiha in kopanja v morju.<\/p>\n<p>Ohranjena je avtohtonost in prijaznost starega ribi\u0161kega mesta ter\u00a0skladen in spokojen na\u010din \u017eivljenja. O\u010darala vas bo s svojo\u00a0nedotaknjeno naravo, lepoto njiv in travnikov, bogastvom zalivov in\u00a0pla\u017e, \u010distim morjem, kamnitimi ulicami in kamnitimi hi\u0161ami. Spoznali\u00a0jo boste skozi pomorske navade, legende, preko okusa vi\u0161kih vin,\u00a0bogate ponudbe ribje gastronomije, vonjavami aromati\u010dnih rastlin.<\/p>\n<p>Nasproti Komi\u0161kega zaliva, se nahaja otok Bi\u0161evo, oddaljen pol ure\u00a0vo\u017enje z ladjico. Poznan je po svojih jamah in prekrasnem pe\u0161\u010denem\u00a0zalivu z imenom Porat. Na otoku je najve\u010dja jama Medvidina \u0161pilja,\u00a0\u0161e bolj pa je znana morska jama, imenovana Modra \u0161pilja. Ob vhodu\u00a0z morske strani vam vzame dih o\u010darljiva igra svetlobe, neverjetno\u00a0lepa modra barva in srebrni odsev.<\/p>\n<p>\u010ce \u017eelite pre\u017eiveti dopust na atraktivnih izletih, v \u0161oli potapljanja,\u00a0paraglidinga ali speleologije..ali pa enostavno lenariti na soncu\u00a0dale\u010d od mestnega hrupa, vas bo Komi\u017ea tako o\u010darala, da se boste\u00a0\u017eeleli vrniti!<\/p>\n","protected":false},"excerpt":{"rendered":"<p>Komi\u017ea se nahaja v prekrasnem zalivu na severozahodnemu delu otoka Visa, obrnjena proti morju in zahajajo\u010demu soncu. Od meseca maja do oktobra se ponuju mo\u017enost odliha in kopanja v morju. Ohranjena je autohtonost in prijaznost starega ribi\u0161kega mesta te sklad in spokojen na\u010din \u017eivetja. O\u010darat \u0107e vas s svojo nedodirjeno naravo, lepoto njiv in travnikov, bogatstvom zalivov in pla\u017e, \u010distim morjem, kamenitim ulicam in kamenitim hi\u0161am. Spoznali jo boste skozi pomorske navade, legende, okusom vi\u0161kih vin, bogate riblje gastronomije, vonjavo aromati\u010dnih rastlin.<\/p>\n<p>Nasproti komi\u0161kega zaliva, udaljen pol ure vo\u017enje z ladjo nahaja se otok Bi\u0161evo, poznan po svojih jamah in prekrasnemu pe\u0161\u0107enemu zalivu imenom Porat. Na otoku je najve\u010dja Medvidina \u0161pilja pa najbolj znana Modra \u0161pila. Ob vhodu z morske strani vam vzame uzdih z svojo fascinantno svetlobno igro, neverjetno plavo barvo in srebrnim odsjajem.<\/p>\n","protected":false},"author":1,"featured_media":0,"parent":0,"menu_order":0,"comment_status":"closed","ping_status":"closed","template":"zamb-komiza.php","meta":{"footnotes":""},"class_list":["post-97","page","type-page","status-publish","hentry"],"_links":{"self":[{"href":"https:\/\/www.komiza-zambarlin.hr\/sl\/wp-json\/wp\/v2\/pages\/97","targetHints":{"allow":["GET"]}}],"collection":[{"href":"https:\/\/www.komiza-zambarlin.hr\/sl\/wp-json\/wp\/v2\/pages"}],"about":[{"href":"https:\/\/www.komiza-zambarlin.hr\/sl\/wp-json\/wp\/v2\/types\/page"}],"author":[{"embeddable":true,"href":"https:\/\/www.komiza-zambarlin.hr\/sl\/wp-json\/wp\/v2\/users\/1"}],"replies":[{"embeddable":true,"href":"https:\/\/www.komiza-zambarlin.hr\/sl\/wp-json\/wp\/v2\/comments?post=97"}],"version-history":[{"count":0,"href":"https:\/\/www.komiza-zambarlin.hr\/sl\/wp-json\/wp\/v2\/pages\/97\/revisions"}],"wp:attachment":[{"href":"https:\/\/www.komiza-zambarlin.hr\/sl\/wp-json\/wp\/v2\/media?parent=97"}],"curies":[{"name":"wp","href":"https:\/\/api.w.org\/{rel}","templated":true}]}}